{"id":15,"date":"2025-06-28T19:56:10","date_gmt":"2025-06-28T19:56:10","guid":{"rendered":"http:\/\/as-education.com\/?page_id=15"},"modified":"2025-06-28T23:11:45","modified_gmt":"2025-06-28T23:11:45","slug":"home","status":"publish","type":"page","link":"https:\/\/as-education.com\/","title":{"rendered":"Home"},"content":{"rendered":"\n<div class=\"wp-block-cover alignfull\" style=\"min-height:720px;aspect-ratio:unset;\"><span aria-hidden=\"true\" class=\"wp-block-cover__background has-background-dim-100 has-background-dim\" style=\"background-color:#161622\"><\/span><div class=\"wp-block-cover__inner-container is-layout-flow wp-block-cover-is-layout-flow\">\n<div class=\"inherit-container-width wp-block-group alignwide is-layout-constrained wp-block-group-is-layout-constrained\">\n<div class=\"wp-block-media-text alignwide has-media-on-the-right is-stacked-on-mobile is-vertically-aligned-center\" style=\"grid-template-columns:auto 66%\"><div class=\"wp-block-media-text__content\">\n<h2 class=\"wp-block-heading alignfull has-text-align-left has-white-color has-text-color\">BIENVENUE CHEZ AS EDUCATION ! <\/h2>\n\n\n\n<p class=\"has-white-color has-text-color\">VOTRE PARTENAIRE SOCIAL DE CONFIANCE<br><\/p>\n\n\n\n<div class=\"wp-block-buttons is-layout-flex wp-block-buttons-is-layout-flex\">\n<div class=\"wp-block-button\"><a class=\"wp-block-button__link wp-element-button\" href=\"#contact\">Nous contacter<\/a><\/div>\n<\/div>\n<\/div><figure class=\"wp-block-media-text__media\"><img fetchpriority=\"high\" decoding=\"async\" width=\"865\" height=\"439\" src=\"https:\/\/as-education.com\/wp-content\/uploads\/2025\/06\/undraw_children_e6ln.png\" alt=\"\" class=\"wp-image-82 size-full\" srcset=\"https:\/\/as-education.com\/wp-content\/uploads\/2025\/06\/undraw_children_e6ln.png 865w, https:\/\/as-education.com\/wp-content\/uploads\/2025\/06\/undraw_children_e6ln-300x152.png 300w, https:\/\/as-education.com\/wp-content\/uploads\/2025\/06\/undraw_children_e6ln-768x390.png 768w\" sizes=\"(max-width: 865px) 100vw, 865px\" \/><\/figure><\/div>\n<\/div>\n<\/div><\/div>\n\n\n\n<div class=\"wp-block-group alignfull has-ast-global-color-5-background-color has-background is-layout-constrained wp-container-core-group-is-layout-9cedb757 wp-block-group-is-layout-constrained\" style=\"padding-bottom:0px\">\n<div class=\"wp-block-columns are-vertically-aligned-top is-layout-flex wp-container-core-columns-is-layout-00723822 wp-block-columns-is-layout-flex\">\n<div class=\"wp-block-column is-vertically-aligned-top is-layout-flow wp-container-core-column-is-layout-6b73ce23 wp-block-column-is-layout-flow\">\n<div class=\"wp-block-media-text is-stacked-on-mobile is-vertically-aligned-top is-style-default\" style=\"grid-template-columns:23% auto\"><figure class=\"wp-block-media-text__media\"><img decoding=\"async\" width=\"838\" height=\"638\" src=\"https:\/\/as-education.com\/wp-content\/uploads\/2025\/06\/undraw_people_ka7y.png\" alt=\"\" class=\"wp-image-76 size-full\" srcset=\"https:\/\/as-education.com\/wp-content\/uploads\/2025\/06\/undraw_people_ka7y.png 838w, https:\/\/as-education.com\/wp-content\/uploads\/2025\/06\/undraw_people_ka7y-300x228.png 300w, https:\/\/as-education.com\/wp-content\/uploads\/2025\/06\/undraw_people_ka7y-768x585.png 768w\" sizes=\"(max-width: 838px) 100vw, 838px\" \/><\/figure><div class=\"wp-block-media-text__content\">\n<div class=\"wp-block-group is-layout-constrained wp-block-group-is-layout-constrained\">\n<p class=\"is-style-plain\">AS EDUCATION EST UNE SOCI\u00c9T\u00c9 D\u2019INTERVENANTS SOCIAUX SP\u00c9CIALIS\u00c9E DANS L\u2019\u00c9DUCATION ET<br>L\u2019ACCOMPAGNEMENT PERSONNALIS\u00c9<\/p>\n<\/div>\n<\/div><\/div>\n\n\n\n<p><\/p>\n<\/div>\n\n\n\n<div class=\"wp-block-column is-vertically-aligned-top is-layout-flow wp-container-core-column-is-layout-6b73ce23 wp-block-column-is-layout-flow\">\n<div class=\"wp-block-media-text is-stacked-on-mobile is-vertically-aligned-top is-style-default\" style=\"grid-template-columns:23% auto\"><figure class=\"wp-block-media-text__media\"><img decoding=\"async\" width=\"789\" height=\"601\" src=\"https:\/\/as-education.com\/wp-content\/uploads\/2025\/06\/undraw_mindfulness_v3lv.png\" alt=\"\" class=\"wp-image-75 size-full\" srcset=\"https:\/\/as-education.com\/wp-content\/uploads\/2025\/06\/undraw_mindfulness_v3lv.png 789w, https:\/\/as-education.com\/wp-content\/uploads\/2025\/06\/undraw_mindfulness_v3lv-300x229.png 300w, https:\/\/as-education.com\/wp-content\/uploads\/2025\/06\/undraw_mindfulness_v3lv-768x585.png 768w\" sizes=\"(max-width: 789px) 100vw, 789px\" \/><\/figure><div class=\"wp-block-media-text__content\">\n<div class=\"wp-block-group is-layout-constrained wp-block-group-is-layout-constrained\">\n<p>NOUS OFFRONS DES SERVICES D\u2019\u00c9DUCATEURS ET DE VEILLEURS POUR R\u00c9PONDRE A VOS BESOINS<\/p>\n<\/div>\n<\/div><\/div>\n\n\n\n<p class=\"has-text-align-left\"><\/p>\n\n\n\n<p class=\"has-text-align-left\"><\/p>\n\n\n\n<p class=\"has-text-align-left\"><\/p>\n<\/div>\n\n\n\n<div class=\"wp-block-column is-vertically-aligned-top is-layout-flow wp-container-core-column-is-layout-6b73ce23 wp-block-column-is-layout-flow\">\n<div class=\"wp-block-media-text is-stacked-on-mobile is-vertically-aligned-top\" style=\"grid-template-columns:15% auto\"><figure class=\"wp-block-media-text__media\"><img loading=\"lazy\" decoding=\"async\" width=\"572\" height=\"689\" src=\"https:\/\/as-education.com\/wp-content\/uploads\/2025\/06\/undraw_certificate_71gt.png\" alt=\"\" class=\"wp-image-81 size-full\" srcset=\"https:\/\/as-education.com\/wp-content\/uploads\/2025\/06\/undraw_certificate_71gt.png 572w, https:\/\/as-education.com\/wp-content\/uploads\/2025\/06\/undraw_certificate_71gt-249x300.png 249w\" sizes=\"(max-width: 572px) 100vw, 572px\" \/><\/figure><div class=\"wp-block-media-text__content\">\n<div class=\"wp-block-group is-layout-constrained wp-block-group-is-layout-constrained\">\n<p>NOTRE APPROCHE FLEXIBLE,NOTRE TARIFICATION COMP\u00c9TITIVE ET LES AVANTAGES FISCAUX QUE NOUS OFFRONS FONT DE NOUS LE CHOIX ID\u00c9AL POUR VOTRE STRUCTURE<\/p>\n<\/div>\n<\/div><\/div>\n\n\n\n<p class=\"has-text-align-left\"><\/p>\n\n\n\n<p class=\"has-text-align-left\"><\/p>\n<\/div>\n<\/div>\n<\/div>\n\n\n\n<div class=\"wp-block-group alignfull has-ast-global-color-4-background-color has-background is-layout-constrained wp-container-core-group-is-layout-6a2cfb7b wp-block-group-is-layout-constrained\" id=\"reviews\">\n<div class=\"wp-block-media-text is-stacked-on-mobile is-vertically-aligned-bottom is-style-rounded\"><figure class=\"wp-block-media-text__media\"><img loading=\"lazy\" decoding=\"async\" width=\"671\" height=\"676\" src=\"https:\/\/as-education.com\/wp-content\/uploads\/2025\/06\/undraw_winners_fre4.png\" alt=\"\" class=\"wp-image-86 size-full\" srcset=\"https:\/\/as-education.com\/wp-content\/uploads\/2025\/06\/undraw_winners_fre4.png 671w, https:\/\/as-education.com\/wp-content\/uploads\/2025\/06\/undraw_winners_fre4-298x300.png 298w, https:\/\/as-education.com\/wp-content\/uploads\/2025\/06\/undraw_winners_fre4-150x150.png 150w\" sizes=\"(max-width: 671px) 100vw, 671px\" \/><\/figure><div class=\"wp-block-media-text__content\">\n<p>Tous nos intervenants sociaux sont soigneusement s\u00e9lectionn\u00e9s.<\/p>\n\n\n\n<p><br>Ils sont passionn\u00e9s par leur m\u00e9tier, et ont pour objectif l\u2019\u00e9volution de toutes ces personnes nous veillons \u00e0 ce que nos \u00e9ducateurs soient constamment form\u00e9s et \u00e0 jour des derni\u00e8res pratiques et m\u00e9thodes p\u00e9dagogiques.<\/p>\n<\/div><\/div>\n\n\n\n<p class=\"has-text-align-center\" style=\"font-size:22px;line-height:1.6\"><br><\/p>\n<\/div>\n\n\n\n<div class=\"wp-block-group alignfull has-ast-global-color-5-background-color has-background is-layout-constrained wp-container-core-group-is-layout-94d206d0 wp-block-group-is-layout-constrained\" id=\"about\" style=\"padding-top:143px;padding-bottom:144px\">\n<div class=\"wp-block-media-text has-media-on-the-right is-stacked-on-mobile is-vertically-aligned-center\"><div class=\"wp-block-media-text__content\">\n<div class=\"inherit-container-width wp-block-group is-layout-constrained wp-container-core-group-is-layout-47ce07ec wp-block-group-is-layout-constrained\" style=\"padding-right:80px\">\n<h2 class=\"wp-block-heading\" style=\"padding-right:40px\">Notre objectif <\/h2>\n\n\n\n<p>Approche individualis\u00e9e : chez AS, nous croyons<br>en une approche individualis\u00e9e pour chaque<br>personne que nous accompagnons.<\/p>\n\n\n\n<p>Nous travaillons directement avec vous pour<br>comprendre vos besoins sp\u00e9cifiques, vos objectifs et vos pr\u00e9f\u00e9rences. En utilisant des m\u00e9thodes \u00e9ducatives adapt\u00e9es \u00e0 chaque individu, nous veillons \u00e0 ce que nos interventions soient personnalis\u00e9es et efficaces.<\/p>\n\n\n\n<p>Notre priorit\u00e9 est de fournir un soutien et un<br>encadrement qui favorise la croissance, le<br>d\u00e9veloppement et la r\u00e9ussite de chaque<br>personne que nous servons.<\/p>\n<\/div>\n<\/div><figure class=\"wp-block-media-text__media\"><img loading=\"lazy\" decoding=\"async\" width=\"649\" height=\"654\" src=\"https:\/\/as-education.com\/wp-content\/uploads\/2025\/06\/undraw_target_d6hf.png\" alt=\"\" class=\"wp-image-85 size-full\" srcset=\"https:\/\/as-education.com\/wp-content\/uploads\/2025\/06\/undraw_target_d6hf.png 649w, https:\/\/as-education.com\/wp-content\/uploads\/2025\/06\/undraw_target_d6hf-298x300.png 298w, https:\/\/as-education.com\/wp-content\/uploads\/2025\/06\/undraw_target_d6hf-150x150.png 150w\" sizes=\"(max-width: 649px) 100vw, 649px\" \/><\/figure><\/div>\n<\/div>\n\n\n\n<div class=\"wp-block-group alignfull has-ast-global-color-4-background-color has-background is-layout-constrained wp-container-core-group-is-layout-3fee123f wp-block-group-is-layout-constrained\" id=\"whyus\" style=\"padding-top:144px;padding-bottom:144px\">\n<h2 class=\"wp-block-heading\">Pourquoi nous choisir <\/h2>\n\n\n\n<div class=\"wp-block-columns is-layout-flex wp-container-core-columns-is-layout-29aadeec wp-block-columns-is-layout-flex\" style=\"margin-top:60px\">\n<div class=\"wp-block-column is-layout-flow wp-container-core-column-is-layout-6b73ce23 wp-block-column-is-layout-flow\">\n<figure class=\"wp-block-image size-full is-resized\"><img loading=\"lazy\" decoding=\"async\" width=\"662\" height=\"540\" src=\"https:\/\/as-education.com\/wp-content\/uploads\/2025\/06\/undraw_season-change_ohe6-e1751150798579.png\" alt=\"\" class=\"wp-image-90\" style=\"width:228px;height:auto\" srcset=\"https:\/\/as-education.com\/wp-content\/uploads\/2025\/06\/undraw_season-change_ohe6-e1751150798579.png 662w, https:\/\/as-education.com\/wp-content\/uploads\/2025\/06\/undraw_season-change_ohe6-e1751150798579-300x245.png 300w\" sizes=\"(max-width: 662px) 100vw, 662px\" \/><\/figure>\n\n\n\n<h3 class=\"wp-block-heading\" style=\"margin-top:16px\">Flexible<\/h3>\n\n\n\n<p>Nous comprenons que chaque structure a des besoins uniques en mati\u00e8re d\u2019\u00e9ducation et d\u2019accompagnement. C\u2019est<br>pourquoi nous proposons nos services sur des plages horaires flexibles, adapt\u00e9es \u00e0 vos contraintes personnelles.<\/p>\n<\/div>\n\n\n\n<div class=\"wp-block-column is-layout-flow wp-container-core-column-is-layout-6b73ce23 wp-block-column-is-layout-flow\">\n<figure class=\"wp-block-image size-full is-resized\"><img loading=\"lazy\" decoding=\"async\" width=\"661\" height=\"593\" src=\"https:\/\/as-education.com\/wp-content\/uploads\/2025\/06\/undraw_savings_uwjn-e1751150881921.png\" alt=\"\" class=\"wp-image-88\" style=\"width:217px;height:auto\" srcset=\"https:\/\/as-education.com\/wp-content\/uploads\/2025\/06\/undraw_savings_uwjn-e1751150881921.png 661w, https:\/\/as-education.com\/wp-content\/uploads\/2025\/06\/undraw_savings_uwjn-e1751150881921-300x269.png 300w\" sizes=\"(max-width: 661px) 100vw, 661px\" \/><\/figure>\n\n\n\n<h3 class=\"wp-block-heading\" style=\"margin-top:16px\">Comp\u00e9titif<\/h3>\n\n\n\n<p>Nous croyons fermement que l\u2019acc\u00e8s \u00e0 une \u00e9ducation de qualit\u00e9 ne devrait pas constituer un fardeau financier, c\u2019est pourquoi nous nous effor\u00e7ons de rendre nos services abordables.<\/p>\n<\/div>\n\n\n\n<div class=\"wp-block-column is-layout-flow wp-container-core-column-is-layout-6b73ce23 wp-block-column-is-layout-flow\">\n<figure class=\"wp-block-image size-full is-resized\"><img loading=\"lazy\" decoding=\"async\" width=\"677\" height=\"800\" src=\"https:\/\/as-education.com\/wp-content\/uploads\/2025\/06\/undraw_confirmed_c5lo.png\" alt=\"\" class=\"wp-image-83\" style=\"width:162px;height:auto\" srcset=\"https:\/\/as-education.com\/wp-content\/uploads\/2025\/06\/undraw_confirmed_c5lo.png 677w, https:\/\/as-education.com\/wp-content\/uploads\/2025\/06\/undraw_confirmed_c5lo-254x300.png 254w\" sizes=\"(max-width: 677px) 100vw, 677px\" \/><\/figure>\n\n\n\n<h3 class=\"wp-block-heading\" style=\"margin-top:16px\">A l&rsquo;\u00e9coute<\/h3>\n\n\n\n<p>Contactez AS d\u00e8s aujourd&rsquo;hui pour<br>d\u00e9couvrir comment nous pouvons \u00eatre<br>votre partenaire social de confiance.<br>Nous pouvons vous accompagner \u00e0<br>construire un avenir \u00e9ducatif.<\/p>\n<\/div>\n<\/div>\n<\/div>\n\n\n\n<div class=\"wp-block-group alignfull has-background is-layout-constrained wp-container-core-group-is-layout-cfcca693 wp-block-group-is-layout-constrained\" id=\"contact\" style=\"background-color:#161622;padding-top:104px;padding-bottom:104px\">\n<h2 class=\"wp-block-heading has-text-align-center has-text-color\" style=\"color:#ffffff\">Obtenez un intervenant d\u00e8s maintenant !<\/h2>\n<\/div>\n\n\n\n<h2 class=\"wp-block-heading\">    <\/h2>\n\n\n\n<p><\/p>\n\n\n<div id=\"contact\">\n\n<div class=\"wpcf7 no-js\" id=\"wpcf7-f101-o1\" lang=\"fr-FR\" dir=\"ltr\" data-wpcf7-id=\"101\">\n<div class=\"screen-reader-response\"><p role=\"status\" aria-live=\"polite\" aria-atomic=\"true\"><\/p> <ul><\/ul><\/div>\n<form action=\"\/index.php\/wp-json\/wp\/v2\/pages\/15#wpcf7-f101-o1\" method=\"post\" class=\"wpcf7-form init\" aria-label=\"Formulaire de contact\" novalidate=\"novalidate\" data-status=\"init\">\n<fieldset class=\"hidden-fields-container\"><input type=\"hidden\" name=\"_wpcf7\" value=\"101\" \/><input type=\"hidden\" name=\"_wpcf7_version\" value=\"6.1\" \/><input type=\"hidden\" name=\"_wpcf7_locale\" value=\"fr_FR\" \/><input type=\"hidden\" name=\"_wpcf7_unit_tag\" value=\"wpcf7-f101-o1\" \/><input type=\"hidden\" name=\"_wpcf7_container_post\" value=\"0\" \/><input type=\"hidden\" name=\"_wpcf7_posted_data_hash\" value=\"\" \/>\n<\/fieldset>\n<p><label> Votre nom<br \/>\n<span class=\"wpcf7-form-control-wrap\" data-name=\"your-name\"><input size=\"40\" maxlength=\"400\" class=\"wpcf7-form-control wpcf7-text wpcf7-validates-as-required\" autocomplete=\"name\" aria-required=\"true\" aria-invalid=\"false\" value=\"\" type=\"text\" name=\"your-name\" \/><\/span> <\/label>\n<\/p>\n<p><label> Votre e-mail<br \/>\n<span class=\"wpcf7-form-control-wrap\" data-name=\"your-email\"><input size=\"40\" maxlength=\"400\" class=\"wpcf7-form-control wpcf7-email wpcf7-validates-as-required wpcf7-text wpcf7-validates-as-email\" autocomplete=\"email\" aria-required=\"true\" aria-invalid=\"false\" value=\"\" type=\"email\" name=\"your-email\" \/><\/span> <\/label>\n<\/p>\n<p><label> Objet<br \/>\n<span class=\"wpcf7-form-control-wrap\" data-name=\"your-subject\"><input size=\"40\" maxlength=\"400\" class=\"wpcf7-form-control wpcf7-text wpcf7-validates-as-required\" aria-required=\"true\" aria-invalid=\"false\" value=\"\" type=\"text\" name=\"your-subject\" \/><\/span> <\/label>\n<\/p>\n<p><label> Votre message<br \/>\n<span class=\"wpcf7-form-control-wrap\" data-name=\"your-message\"><textarea cols=\"40\" rows=\"10\" maxlength=\"2000\" class=\"wpcf7-form-control wpcf7-textarea\" aria-invalid=\"false\" name=\"your-message\"><\/textarea><\/span> <\/label>\n<\/p>\n<p><input class=\"wpcf7-form-control wpcf7-submit has-spinner\" type=\"submit\" value=\"Envoyer\" \/>\n<\/p><div class=\"wpcf7-response-output\" aria-hidden=\"true\"><\/div>\n<\/form>\n<\/div>\n\n<\/div>\n","protected":false},"excerpt":{"rendered":"<p>AS EDUCATION EST UNE SOCI\u00c9T\u00c9 D\u2019INTERVENANTS SOCIAUX SP\u00c9CIALIS\u00c9E DANS L\u2019\u00c9DUCATION ETL\u2019ACCOMPAGNEMENT PERSONNALIS\u00c9 NOUS OFFRONS DES SERVICES D\u2019\u00c9DUCATEURS ET DE VEILLEURS [&hellip;]<\/p>\n","protected":false},"author":1,"featured_media":0,"parent":0,"menu_order":0,"comment_status":"closed","ping_status":"closed","template":"","meta":{"site-sidebar-layout":"no-sidebar","site-content-layout":"plain-container","ast-site-content-layout":"default","site-content-style":"default","site-sidebar-style":"default","ast-global-header-display":"","ast-banner-title-visibility":"","ast-main-header-display":"","ast-hfb-above-header-display":"","ast-hfb-below-header-display":"","ast-hfb-mobile-header-display":"","site-post-title":"disabled","ast-breadcrumbs-content":"","ast-featured-img":"","footer-sml-layout":"","theme-transparent-header-meta":"enabled","adv-header-id-meta":"","stick-header-meta":"","header-above-stick-meta":"","header-main-stick-meta":"","header-below-stick-meta":"","astra-migrate-meta-layouts":"default","ast-page-background-enabled":"default","ast-page-background-meta":{"desktop":{"background-color":"var(--ast-global-color-5)","background-image":"","background-repeat":"repeat","background-position":"center center","background-size":"auto","background-attachment":"scroll","background-type":"","background-media":"","overlay-type":"","overlay-color":"","overlay-opacity":"","overlay-gradient":""},"tablet":{"background-color":"","background-image":"","background-repeat":"repeat","background-position":"center center","background-size":"auto","background-attachment":"scroll","background-type":"","background-media":"","overlay-type":"","overlay-color":"","overlay-opacity":"","overlay-gradient":""},"mobile":{"background-color":"","background-image":"","background-repeat":"repeat","background-position":"center center","background-size":"auto","background-attachment":"scroll","background-type":"","background-media":"","overlay-type":"","overlay-color":"","overlay-opacity":"","overlay-gradient":""}},"ast-content-background-meta":{"desktop":{"background-color":"var(--ast-global-color-4)","background-image":"","background-repeat":"repeat","background-position":"center center","background-size":"auto","background-attachment":"scroll","background-type":"","background-media":"","overlay-type":"","overlay-color":"","overlay-opacity":"","overlay-gradient":""},"tablet":{"background-color":"var(--ast-global-color-4)","background-image":"","background-repeat":"repeat","background-position":"center center","background-size":"auto","background-attachment":"scroll","background-type":"","background-media":"","overlay-type":"","overlay-color":"","overlay-opacity":"","overlay-gradient":""},"mobile":{"background-color":"var(--ast-global-color-4)","background-image":"","background-repeat":"repeat","background-position":"center center","background-size":"auto","background-attachment":"scroll","background-type":"","background-media":"","overlay-type":"","overlay-color":"","overlay-opacity":"","overlay-gradient":""}},"footnotes":""},"class_list":["post-15","page","type-page","status-publish","hentry"],"_links":{"self":[{"href":"https:\/\/as-education.com\/index.php\/wp-json\/wp\/v2\/pages\/15","targetHints":{"allow":["GET"]}}],"collection":[{"href":"https:\/\/as-education.com\/index.php\/wp-json\/wp\/v2\/pages"}],"about":[{"href":"https:\/\/as-education.com\/index.php\/wp-json\/wp\/v2\/types\/page"}],"author":[{"embeddable":true,"href":"https:\/\/as-education.com\/index.php\/wp-json\/wp\/v2\/users\/1"}],"replies":[{"embeddable":true,"href":"https:\/\/as-education.com\/index.php\/wp-json\/wp\/v2\/comments?post=15"}],"version-history":[{"count":16,"href":"https:\/\/as-education.com\/index.php\/wp-json\/wp\/v2\/pages\/15\/revisions"}],"predecessor-version":[{"id":109,"href":"https:\/\/as-education.com\/index.php\/wp-json\/wp\/v2\/pages\/15\/revisions\/109"}],"wp:attachment":[{"href":"https:\/\/as-education.com\/index.php\/wp-json\/wp\/v2\/media?parent=15"}],"curies":[{"name":"wp","href":"https:\/\/api.w.org\/{rel}","templated":true}]}}